{"id":1314,"date":"2024-02-27T15:53:35","date_gmt":"2024-02-27T14:53:35","guid":{"rendered":"https:\/\/elagage-nord.fr\/?page_id=1314"},"modified":"2024-02-27T16:31:29","modified_gmt":"2024-02-27T15:31:29","slug":"contact","status":"publish","type":"page","link":"https:\/\/elagage-nord.fr\/?page_id=1314","title":{"rendered":"Contact"},"content":{"rendered":"<div class=\"gb-container gb-container-00c1a855\">\n<div class=\"gb-container gb-container-472e4961\">\n\n<p class=\"has-medium-font-size\" style=\"line-height:1.2\">Nous sommes \u00e0 votre disposition pour r\u00e9pondre \u00e0 toutes vos questions et demandes de devis.  <\/p>\n\n\n\n<p class=\"has-medium-font-size\" style=\"line-height:1.2\">N&#8217;h\u00e9sitez pas \u00e0 nous contacter via le formulaire<\/p>\n\n\n\n<div class=\"wp-block-media-text is-stacked-on-mobile has-contrast-4-background-color has-background\"><figure class=\"wp-block-media-text__media\"><img loading=\"lazy\" decoding=\"async\" width=\"819\" height=\"1024\" src=\"https:\/\/elagage-nord.fr\/wp-content\/uploads\/2024\/02\/Design-sans-titre-5-2-819x1024.png\" alt=\"Nous sommes \u00e0 votre disposition pour r\u00e9pondre \u00e0 toutes vos questions et demandes de devis. \n\nN'h\u00e9sitez pas \u00e0 nous contacter via le formulaire\" class=\"wp-image-1334 size-full\" srcset=\"https:\/\/elagage-nord.fr\/wp-content\/uploads\/2024\/02\/Design-sans-titre-5-2-819x1024.png 819w, https:\/\/elagage-nord.fr\/wp-content\/uploads\/2024\/02\/Design-sans-titre-5-2-240x300.png 240w, https:\/\/elagage-nord.fr\/wp-content\/uploads\/2024\/02\/Design-sans-titre-5-2-768x960.png 768w, https:\/\/elagage-nord.fr\/wp-content\/uploads\/2024\/02\/Design-sans-titre-5-2.png 1080w\" sizes=\"(max-width: 819px) 100vw, 819px\" \/><\/figure><div class=\"wp-block-media-text__content\"><div class=\"gb-container gb-container-893b2af9\">\n<style id=\"wpforms-css-vars-root\">\n\t\t\t\t:root {\n\t\t\t\t\t--wpforms-field-border-radius: 3px;\n--wpforms-field-background-color: #ffffff;\n--wpforms-field-border-color: rgba( 0, 0, 0, 0.25 );\n--wpforms-field-text-color: rgba( 0, 0, 0, 0.7 );\n--wpforms-label-color: rgba( 0, 0, 0, 0.85 );\n--wpforms-label-sublabel-color: rgba( 0, 0, 0, 0.55 );\n--wpforms-label-error-color: #d63637;\n--wpforms-button-border-radius: 3px;\n--wpforms-button-background-color: #066aab;\n--wpforms-button-text-color: #ffffff;\n--wpforms-field-size-input-height: 43px;\n--wpforms-field-size-input-spacing: 15px;\n--wpforms-field-size-font-size: 16px;\n--wpforms-field-size-line-height: 19px;\n--wpforms-field-size-padding-h: 14px;\n--wpforms-field-size-checkbox-size: 16px;\n--wpforms-field-size-sublabel-spacing: 5px;\n--wpforms-field-size-icon-size: 1;\n--wpforms-label-size-font-size: 16px;\n--wpforms-label-size-line-height: 19px;\n--wpforms-label-size-sublabel-font-size: 14px;\n--wpforms-label-size-sublabel-line-height: 17px;\n--wpforms-button-size-font-size: 17px;\n--wpforms-button-size-height: 41px;\n--wpforms-button-size-padding-h: 15px;\n--wpforms-button-size-margin-top: 10px;\n\n\t\t\t\t}\n\t\t\t<\/style><style id=\"wpforms-css-vars-1221-block-164123a3-eabd-4ab3-963f-dd8a382f570d\">\n\t\t\t\t#wpforms-1221.wpforms-block-164123a3-eabd-4ab3-963f-dd8a382f570d {\n\t\t\t\t\t--wpforms-label-color: var(--accent-2);\n--wpforms-button-background-color: var(--accent-2);\n\n\t\t\t\t}\n\t\t\t<\/style><div class=\"wpforms-container wpforms-container-full wpforms-block wpforms-block-164123a3-eabd-4ab3-963f-dd8a382f570d wpforms-render-modern\" id=\"wpforms-1221\"><form id=\"wpforms-form-1221\" class=\"wpforms-validate wpforms-form wpforms-ajax-form\" data-formid=\"1221\" method=\"post\" enctype=\"multipart\/form-data\" action=\"\/index.php?rest_route=%2Fwp%2Fv2%2Fpages%2F1314\" data-token=\"560c9fd859c1d267e6165f8112e84a1d\"><noscript class=\"wpforms-error-noscript\">Please enable JavaScript in your browser to complete this form.<\/noscript><div class=\"wpforms-hidden\" id=\"wpforms-error-noscript\">Please enable JavaScript in your browser to complete this form.<\/div><div class=\"wpforms-field-container\"><div id=\"wpforms-1221-field_0-container\" class=\"wpforms-field wpforms-field-name\" data-field-id=\"0\"><fieldset><legend class=\"wpforms-field-label\">Nom <span class=\"wpforms-required-label\" aria-hidden=\"true\">*<\/span><\/legend><div class=\"wpforms-field-row wpforms-field-medium\"><div class=\"wpforms-field-row-block wpforms-first wpforms-one-half\"><input type=\"text\" id=\"wpforms-1221-field_0\" class=\"wpforms-field-name-first wpforms-field-required\" name=\"wpforms[fields][0][first]\" aria-errormessage=\"wpforms-1221-field_0-error\" required><label for=\"wpforms-1221-field_0\" class=\"wpforms-field-sublabel after \">First<\/label><\/div><div class=\"wpforms-field-row-block wpforms-one-half\"><input type=\"text\" id=\"wpforms-1221-field_0-last\" class=\"wpforms-field-name-last wpforms-field-required\" name=\"wpforms[fields][0][last]\" aria-errormessage=\"wpforms-1221-field_0-last-error\" required><label for=\"wpforms-1221-field_0-last\" class=\"wpforms-field-sublabel after \">Last<\/label><\/div><\/div><\/fieldset><\/div><div id=\"wpforms-1221-field_3-container\" class=\"wpforms-field wpforms-field-text\" data-field-id=\"3\"><label class=\"wpforms-field-label\" for=\"wpforms-1221-field_3\">N\u00b0 de t\u00e9l\u00e9phone <span class=\"wpforms-required-label\" aria-hidden=\"true\">*<\/span><\/label><input type=\"text\" id=\"wpforms-1221-field_3\" class=\"wpforms-field-medium wpforms-field-required\" name=\"wpforms[fields][3]\" aria-errormessage=\"wpforms-1221-field_3-error\" required><\/div><div id=\"wpforms-1221-field_1-container\" class=\"wpforms-field wpforms-field-email\" data-field-id=\"1\"><label class=\"wpforms-field-label\" for=\"wpforms-1221-field_1\">E-mail <span class=\"wpforms-required-label\" aria-hidden=\"true\">*<\/span><\/label><input type=\"email\" id=\"wpforms-1221-field_1\" class=\"wpforms-field-medium wpforms-field-required\" name=\"wpforms[fields][1]\" spellcheck=\"false\" aria-errormessage=\"wpforms-1221-field_1-error\" required><\/div><div id=\"wpforms-1221-field_2-container\" class=\"wpforms-field wpforms-field-textarea\" data-field-id=\"2\"><label class=\"wpforms-field-label\" for=\"wpforms-1221-field_2\">Message<\/label><textarea id=\"wpforms-1221-field_2\" class=\"wpforms-field-medium\" name=\"wpforms[fields][2]\" aria-errormessage=\"wpforms-1221-field_2-error\" ><\/textarea><\/div><\/div><!-- .wpforms-field-container --><div class=\"wpforms-submit-container\" ><input type=\"hidden\" name=\"wpforms[id]\" value=\"1221\"><input type=\"hidden\" name=\"wpforms[author]\" value=\"2\"><button type=\"submit\" name=\"wpforms[submit]\" id=\"wpforms-submit-1221\" class=\"wpforms-submit\" data-alt-text=\"Envoi...\" data-submit-text=\"Envoyer\" aria-live=\"assertive\" value=\"wpforms-submit\">Envoyer<\/button><img loading=\"lazy\" decoding=\"async\" src=\"https:\/\/elagage-nord.fr\/wp-content\/plugins\/wpforms-lite\/assets\/images\/submit-spin.svg\" class=\"wpforms-submit-spinner\" style=\"display: none;\" width=\"26\" height=\"26\" alt=\"Loading\"><\/div><\/form><\/div>  <!-- .wpforms-container -->\n<\/div><\/div><\/div>\n\n<\/div>\n<\/div>","protected":false},"excerpt":{"rendered":"<p>Nous sommes \u00e0 votre disposition pour r\u00e9pondre \u00e0 toutes vos questions et demandes de devis. N&#8217;h\u00e9sitez pas \u00e0 nous contacter via le formulaire<\/p>\n","protected":false},"author":2,"featured_media":0,"parent":0,"menu_order":0,"comment_status":"closed","ping_status":"closed","template":"","meta":{"om_disable_all_campaigns":false,"_monsterinsights_skip_tracking":false,"_monsterinsights_sitenote_active":false,"_monsterinsights_sitenote_note":"","_monsterinsights_sitenote_category":0,"footnotes":""},"aioseo_notices":[],"_links":{"self":[{"href":"https:\/\/elagage-nord.fr\/index.php?rest_route=\/wp\/v2\/pages\/1314"}],"collection":[{"href":"https:\/\/elagage-nord.fr\/index.php?rest_route=\/wp\/v2\/pages"}],"about":[{"href":"https:\/\/elagage-nord.fr\/index.php?rest_route=\/wp\/v2\/types\/page"}],"author":[{"embeddable":true,"href":"https:\/\/elagage-nord.fr\/index.php?rest_route=\/wp\/v2\/users\/2"}],"replies":[{"embeddable":true,"href":"https:\/\/elagage-nord.fr\/index.php?rest_route=%2Fwp%2Fv2%2Fcomments&post=1314"}],"version-history":[{"count":6,"href":"https:\/\/elagage-nord.fr\/index.php?rest_route=\/wp\/v2\/pages\/1314\/revisions"}],"predecessor-version":[{"id":1339,"href":"https:\/\/elagage-nord.fr\/index.php?rest_route=\/wp\/v2\/pages\/1314\/revisions\/1339"}],"wp:attachment":[{"href":"https:\/\/elagage-nord.fr\/index.php?rest_route=%2Fwp%2Fv2%2Fmedia&parent=1314"}],"curies":[{"name":"wp","href":"https:\/\/api.w.org\/{rel}","templated":true}]}}