{"id":157,"date":"2023-01-21T22:52:12","date_gmt":"2023-01-21T22:52:12","guid":{"rendered":"https:\/\/treesurgeon.wordifysites.com\/?page_id=157"},"modified":"2024-03-30T18:18:34","modified_gmt":"2024-03-30T17:18:34","slug":"about-us","status":"publish","type":"page","link":"https:\/\/elagage-nord.fr\/?page_id=157","title":{"rendered":"Qui sommes nous ?"},"content":{"rendered":"<section class=\"gb-container gb-container-25bc6b91\">\n<div class=\"gb-container gb-container-f2eb6521\">\n<div class=\"gb-container gb-container-33eb735c\">\n\n<p class=\"gb-headline gb-headline-f1159141\"><span class=\"gb-icon\"><svg viewBox=\"0 0 32 32\" xmlns=\"http:\/\/www.w3.org\/2000\/svg\"><path d=\"m28.082 9.534-.176.525c.674 3.296.425 6.877-1.276 10.787.247-2.511.206-4.913-.182-7.215-.458.891-1.042 1.755-1.64 2.624.085 2.497-.381 5.132-1.603 7.944.196-1.997.16-3.922-.036-5.794a21.341 21.341 0 0 1-2.697 2.587 19.528 19.528 0 0 1-1.421 4.92c.132-1.348.154-2.68.109-3.972-2.221 1.51-4.858 2.718-8.053 3.389 2.691-1.51 4.838-3.068 6.596-4.665a31.904 31.904 0 0 0-3.535-.51 16.922 16.922 0 0 1 4.628-.51c1.075-1.099 1.973-2.205 2.697-3.353a24.868 24.868 0 0 0-6.086-.328c2.355-1.14 4.702-1.538 7.033-1.385.602-1.24 1.014-2.523 1.312-3.826-1.773-.168-3.704.253-5.904.802 1.986-1.82 4.133-2.61 6.268-2.842.111-.903.169-1.808.18-2.741-9.848-7.007-7.239 16.56-22.665 20.346 12.693 7.863 37.271-3.539 26.451-16.782zm-2.294-7.688c.628-.305 1.39-.323 1.968.219.33 3.103-.68 9.663-4.665 14.249 3.039-5.538 3.261-9.548 2.697-14.467z\"><\/path><\/svg><\/span><span class=\"gb-headline-text\">Le m\u00e9tier d&#8217;\u00e9lageur<\/span><\/p>\n\n\n\n<h2 class=\"gb-headline gb-headline-8a916cc0 gb-headline-text\">Expertise Arboricole au Service de Votre Espace Vert<\/h2>\n\n\n\n<p>Nous sommes une \u00e9quipe passionn\u00e9e d&#8217;arboristes grimpeurs d\u00e9di\u00e9e \u00e0 la pr\u00e9servation et \u00e0 la beaut\u00e9 de vos espaces verts. Forts d&#8217;une exp\u00e9rience  dans le domaine de l&#8217;arboriculture, nous sommes fiers de notre expertise et de notre engagement envers nos clients et l&#8217;environnement.<\/p>\n\n\n\n<p>Notre \u00e9quipe est compos\u00e9e de professionnels qualifi\u00e9s et form\u00e9s aux techniques d&#8217;\u00e9lagage les plus avanc\u00e9es. Nous mettons un point d&#8217;honneur \u00e0 respecter les normes de s\u00e9curit\u00e9 les plus strictes pour assurer des interventions efficaces et sans risque, aussi bien pour nos travailleurs que pour vos biens.<\/p>\n\n\n\n<p>Pour nous , chaque projet est abord\u00e9 avec un souci du d\u00e9tail et une attention particuli\u00e8re aux besoins sp\u00e9cifiques de nos clients. Notre objectif est de vous fournir des services d&#8217;\u00e9lagage de qualit\u00e9 sup\u00e9rieure, tout en pr\u00e9servant la sant\u00e9 et la beaut\u00e9 de vos arbres.<\/p>\n\n\n\n<p>Faites confiance \u00e0 notre \u00e9quipe pour prendre soin de vos espaces verts et transformer votre environnement ext\u00e9rieur en un lieu s\u00fbr, esth\u00e9tique et agr\u00e9able \u00e0 vivre.<\/p>\n\n<\/div>\n\n<div class=\"gb-container gb-container-f0d06f1b\">\n<div class=\"gb-container gb-container-842fef00\">\n\n<figure class=\"gb-block-image gb-block-image-3f4eab68\"><img loading=\"lazy\" decoding=\"async\" width=\"150\" height=\"150\" class=\"gb-image gb-image-3f4eab68\" src=\"https:\/\/gpsites.co\/arborist\/wp-content\/uploads\/sites\/127\/2023\/01\/pexels-nelson-axigoth-6014518-150x150.jpg\" alt=\"\" title=\"pexels-nelson-axigoth-6014518\"\/><\/figure>\n\n<\/div>\n\n\n<figure class=\"gb-block-image gb-block-image-dd676f1a\"><img loading=\"lazy\" decoding=\"async\" width=\"640\" height=\"427\" class=\"gb-image gb-image-dd676f1a\" src=\"http:\/\/elagage-nord.fr\/wp-content\/uploads\/2023\/01\/johannes-plenio-RwHv7LgeC7s-unsplash.jpg\" alt=\"\" title=\"johannes-plenio-RwHv7LgeC7s-unsplash\" srcset=\"https:\/\/elagage-nord.fr\/wp-content\/uploads\/2023\/01\/johannes-plenio-RwHv7LgeC7s-unsplash.jpg 640w, https:\/\/elagage-nord.fr\/wp-content\/uploads\/2023\/01\/johannes-plenio-RwHv7LgeC7s-unsplash-300x200.jpg 300w\" sizes=\"(max-width: 640px) 100vw, 640px\" \/><\/figure>\n\n\n<div class=\"gb-container gb-container-e1bb763f\">\n\n<div class=\"gb-headline gb-headline-b8e2b56a\"><span class=\"gb-icon\"><svg xmlns=\"http:\/\/www.w3.org\/2000\/svg\" xml:space=\"preserve\" viewBox=\"0 0 100 100\"><path d=\"M84.96 70.237c-.167-1.032-.814-1.914-1.783-2.438l-14.335-8.446-.118-.066a4.256 4.256 0 0 0-1.937-.45c-1.201 0-2.348.455-3.144 1.253l-4.231 4.233c-.181.172-.771.421-.95.43-.049-.004-4.923-.355-13.896-9.329-8.957-8.955-9.337-13.844-9.34-13.844.005-.25.251-.838.426-1.02l3.608-3.607c1.271-1.274 1.652-3.386.898-5.022L32.19 16.938c-.579-1.192-1.704-1.928-2.952-1.928-.883 0-1.735.366-2.401 1.031l-9.835 9.813c-.943.938-1.755 2.578-1.932 3.898-.086.631-1.831 15.693 18.819 36.346C51.42 83.627 65.09 84.989 68.865 84.989a10.7 10.7 0 0 0 1.376-.071c1.316-.176 2.954-.986 3.891-1.925l9.827-9.826c.802-.806 1.168-1.871 1.001-2.93z\"><\/path><\/svg><\/span><\/div>\n\n\n\n<p class=\"gb-headline gb-headline-b84f0540 gb-headline-text\">Contactez nous <\/p>\n\n\n\n<p class=\"gb-headline gb-headline-ff9b5807 gb-headline-text\"><a href=\"tel:+33780995959\" title=\"07 80 99 59 59\">07 80 99 59 59<\/a><\/p>\n\n<\/div>\n<\/div>\n<\/div>\n<\/section>\n\n<section class=\"gb-container gb-container-610914ac\">\n<div class=\"gb-container gb-container-a3ed4452\">\n\n<figure class=\"gb-block-image gb-block-image-1925f2e9\"><img loading=\"lazy\" decoding=\"async\" width=\"612\" height=\"422\" class=\"gb-image gb-image-1925f2e9\" src=\"http:\/\/elagage-nord.fr\/wp-content\/uploads\/2023\/01\/chainsaw-next-to-tree_1.jpg\" alt=\"\" title=\"chainsaw-next-to-tree_1\" srcset=\"https:\/\/elagage-nord.fr\/wp-content\/uploads\/2023\/01\/chainsaw-next-to-tree_1.jpg 612w, https:\/\/elagage-nord.fr\/wp-content\/uploads\/2023\/01\/chainsaw-next-to-tree_1-300x207.jpg 300w\" sizes=\"(max-width: 612px) 100vw, 612px\" \/><\/figure>\n\n<\/div>\n\n<div class=\"gb-container gb-container-9b08c090\">\n\n<h2 class=\"gb-headline gb-headline-d879851e gb-headline-text\">Nos <mark class=\"gb-highlight\">Engagements<\/mark>?<\/h2>\n\n\n\n<p>nous nous engageons \u00e0 fournir des services d&#8217;\u00e9lagage de la plus haute qualit\u00e9, bas\u00e9s sur notre expertise, notre d\u00e9vouement et notre respect de l&#8217;environnement. Notre priorit\u00e9 absolue est la satisfaction de nos clients, et nous nous effor\u00e7ons de d\u00e9passer leurs attentes \u00e0 chaque intervention.<\/p>\n\n\n\n<p>Nous croyons en des pratiques d&#8217;\u00e9lagage responsables et respectueuses de la sant\u00e9 des arbres. Ainsi, nous veillons \u00e0 utiliser des techniques douces qui pr\u00e9servent l&#8217;int\u00e9grit\u00e9 des arbres tout en r\u00e9pondant \u00e0 vos besoins esth\u00e9tiques et fonctionnels. De plus, nous nous engageons \u00e0 minimiser notre impact sur l&#8217;environnement en adoptant des m\u00e9thodes durables et en encourageant la gestion responsable des ressources naturelles.<\/p>\n\n\n\n<p>La s\u00e9curit\u00e9 est un aspect essentiel de notre travail. Nous prenons toutes les pr\u00e9cautions n\u00e9cessaires pour assurer la s\u00e9curit\u00e9 de nos travailleurs, de nos clients et de leurs biens pendant nos interventions. Notre \u00e9quipe est form\u00e9e aux normes de s\u00e9curit\u00e9 les plus strictes et utilise un \u00e9quipement de pointe pour garantir des op\u00e9rations sans risque.<\/p>\n\n\n<div class=\"gb-container gb-container-d85c7684\">\n<div class=\"gb-container gb-container-8f9cdf8f\"><\/div>\n\n\n<h2 class=\"wp-block-heading\">Nos atouts<\/h2>\n\n<\/div>\n\n<div class=\"gb-container gb-container-9e92ffb4\">\n<div class=\"gb-grid-wrapper gb-grid-wrapper-ca8fabc6\">\n<div class=\"gb-grid-column gb-grid-column-3423e27e\"><div class=\"gb-container gb-container-3423e27e\">\n\n<div class=\"gb-headline gb-headline-711b6975\"><span class=\"gb-icon\"><svg aria-hidden=\"true\" role=\"img\" height=\"1em\" width=\"1em\" viewBox=\"0 0 384 512\" xmlns=\"http:\/\/www.w3.org\/2000\/svg\"><path fill=\"currentColor\" d=\"M97.12 362.63c-8.69-8.69-4.16-6.24-25.12-11.85-9.51-2.55-17.87-7.45-25.43-13.32L1.2 448.7c-4.39 10.77 3.81 22.47 15.43 22.03l52.69-2.01L105.56 507c8 8.44 22.04 5.81 26.43-4.96l52.05-127.62c-10.84 6.04-22.87 9.58-35.31 9.58-19.5 0-37.82-7.59-51.61-21.37zM382.8 448.7l-45.37-111.24c-7.56 5.88-15.92 10.77-25.43 13.32-21.07 5.64-16.45 3.18-25.12 11.85-13.79 13.78-32.12 21.37-51.62 21.37-12.44 0-24.47-3.55-35.31-9.58L252 502.04c4.39 10.77 18.44 13.4 26.43 4.96l36.25-38.28 52.69 2.01c11.62.44 19.82-11.27 15.43-22.03zM263 340c15.28-15.55 17.03-14.21 38.79-20.14 13.89-3.79 24.75-14.84 28.47-28.98 7.48-28.4 5.54-24.97 25.95-45.75 10.17-10.35 14.14-25.44 10.42-39.58-7.47-28.38-7.48-24.42 0-52.83 3.72-14.14-.25-29.23-10.42-39.58-20.41-20.78-18.47-17.36-25.95-45.75-3.72-14.14-14.58-25.19-28.47-28.98-27.88-7.61-24.52-5.62-44.95-26.41-10.17-10.35-25-14.4-38.89-10.61-27.87 7.6-23.98 7.61-51.9 0-13.89-3.79-28.72.25-38.89 10.61-20.41 20.78-17.05 18.8-44.94 26.41-13.89 3.79-24.75 14.84-28.47 28.98-7.47 28.39-5.54 24.97-25.95 45.75-10.17 10.35-14.15 25.44-10.42 39.58 7.47 28.36 7.48 24.4 0 52.82-3.72 14.14.25 29.23 10.42 39.59 20.41 20.78 18.47 17.35 25.95 45.75 3.72 14.14 14.58 25.19 28.47 28.98C104.6 325.96 106.27 325 121 340c13.23 13.47 33.84 15.88 49.74 5.82a39.676 39.676 0 0 1 42.53 0c15.89 10.06 36.5 7.65 49.73-5.82zM97.66 175.96c0-53.03 42.24-96.02 94.34-96.02s94.34 42.99 94.34 96.02-42.24 96.02-94.34 96.02-94.34-42.99-94.34-96.02z\"><\/path><\/svg><\/span><\/div>\n\n\n<div class=\"gb-container gb-container-4ea2fbf1\">\n\n<h3 class=\"gb-headline gb-headline-79589317 gb-headline-text\"><strong>Expertise et professionnalisme<\/strong><\/h3>\n\n\n\n<p class=\"gb-headline gb-headline-d07d49cf gb-headline-text\"><strong>Notre \u00e9quipe d&#8217;arboristes est certifi\u00e9e et form\u00e9e aux derni\u00e8res techniques d&#8217;\u00e9lagage.<\/strong><\/p>\n\n<\/div>\n<\/div><\/div>\n\n<div class=\"gb-grid-column gb-grid-column-37db13f4\"><div class=\"gb-container gb-container-37db13f4\">\n\n<div class=\"gb-headline gb-headline-9e6b7dc8\"><span class=\"gb-icon\"><svg viewBox=\"0 0 512 512\" version=\"1.1\" fill=\"#000\" id=\"_x32_\" xml:space=\"preserve\" xmlns=\"http:\/\/www.w3.org\/2000\/svg\"><g id=\"SVGRepo_iconCarrier\"><path class=\"st0\" d=\"M495.565 137.113c-6.203 0-12.422-2.484-24.516-3.031-38.812-52.844-107.047-82.172-176.906-77.313-67.359 4.703-106.328 23.734-136.781 47.078-42.719-30.687-92.406-24.812-92.406-24.812l28.734 81.391C70.268 179.879 42.518 197.192.002 207.082L40.83 323.988s41.609 28.078 99.641 53.016l29.328 78.75h64.031v-48.14c19.953 4.265 40.266 6.968 60.313 7.328 27.078.469 53.906-3.688 78.875-11.921v52.734h64.032l51.516-149.937c9.75-20.875 15.281-44.281 15.281-69.969 0-21.563-3.688-41.641-10.375-59.969 2-1.875 4.484-3.844 7.656-5.891 19.484-12.532 9.75-32.876-5.563-32.876zm-194.25 225.609c-69.813 0-126.406-56.594-126.406-126.422 0-69.797 56.594-126.406 126.406-126.406S427.722 166.503 427.722 236.3c0 69.828-56.595 126.422-126.407 126.422z\"><\/path><path class=\"st0\" d=\"M301.315 141.503c-52.266 0-94.813 42.531-94.813 94.797 0 52.281 42.547 94.813 94.813 94.813s94.813-42.531 94.813-94.813c-.001-52.265-42.547-94.797-94.813-94.797zm28.281 60.422-2.922-1.234c-4.828-2.047-9.844-3.078-14.922-3.078-14.672 0-28.156 8.516-34.625 21.547h48.953l-3.016 14.625h-49.922a33.26 33.26 0 0 0-.094 2.516c0 2.078.188 4.219.531 6.359h47.656l-3.016 14.609h-38.922c7.094 11.047 19.172 17.75 32.453 17.75 4.5 0 9.016-.844 13.406-2.469l3.516-1.313V291.8l-1.922.531a58.395 58.395 0 0 1-15 1.969c-23.891 0-45.375-14.797-54.016-37.031h-12.359V242.66h8.766c-.266-2.234-.406-4.328-.406-6.359 0-.828.031-1.688.063-2.516h-8.422V219.16h11.031c7.484-24.156 29.969-40.859 55.344-40.859 6.734 0 13.359 1.188 19.703 3.5l2.094.781-3.952 19.343z\"><\/path><\/g><\/svg><\/span><\/div>\n\n\n<div class=\"gb-container gb-container-30a98e1a\">\n\n<h3 class=\"gb-headline gb-headline-e1d3ceff gb-headline-text\"><strong>Devis gratuits et personnalis\u00e9s<\/strong><\/h3>\n\n\n<div class=\"gb-container gb-container-bd0860c2\">\n\n<p class=\"gb-headline gb-headline-912ec133 gb-headline-text\"><strong>Nos devis sont transparents et d\u00e9taill\u00e9s, et ils incluent tous les frais.<\/strong><\/p>\n\n<\/div>\n<\/div>\n<\/div><\/div>\n\n<div class=\"gb-grid-column gb-grid-column-8072e76b\"><div class=\"gb-container gb-container-8072e76b\">\n\n<div class=\"gb-headline gb-headline-abffadb8\"><span class=\"gb-icon\"><svg viewBox=\"0 0 24 24\" xmlns=\"http:\/\/www.w3.org\/2000\/svg\"><path d=\"M12 6a1 1 0 0 0-1 1v5a1 1 0 0 0 .293.707l3 3a1 1 0 0 0 1.414-1.414L13 11.586V7a1 1 0 0 0-1-1Zm11.812 4.132A12 12 0 0 0 3.578 3.415V1a1 1 0 0 0-2 0v4a2 2 0 0 0 2 2h4a1 1 0 0 0 0-2H4.827a9.99 9.99 0 1 1-2.835 7.878A.982.982 0 0 0 1 12a1.007 1.007 0 0 0-1 1.1 12 12 0 1 0 23.808-2.969Z\"><\/path><\/svg><\/span><\/div>\n\n\n<div class=\"gb-container gb-container-eabf3753\">\n\n<h3 class=\"gb-headline gb-headline-0ad93116 gb-headline-text\">R\u00e9activit\u00e9 <\/h3>\n\n\n\n<p><strong>Notre \u00e9quipe est disponible 7j\/7 et 24h\/24 pour les urgences.<\/strong> <strong>Nous intervenons dans les plus brefs d\u00e9lais pour minimiser les d\u00e9sagr\u00e9ments.<\/strong><\/p>\n\n<\/div>\n<\/div><\/div>\n\n<div class=\"gb-grid-column gb-grid-column-0bc9ddf8\"><div class=\"gb-container gb-container-0bc9ddf8\">\n\n<div class=\"gb-headline gb-headline-41988fca\"><span class=\"gb-icon\"><svg aria-hidden=\"true\" role=\"img\" height=\"1em\" width=\"1em\" viewBox=\"0 0 384 512\" xmlns=\"http:\/\/www.w3.org\/2000\/svg\"><path fill=\"currentColor\" d=\"M172.268 501.67C26.97 291.031 0 269.413 0 192 0 85.961 85.961 0 192 0s192 85.961 192 192c0 77.413-26.97 99.031-172.268 309.67-9.535 13.774-29.93 13.773-39.464 0zM192 272c44.183 0 80-35.817 80-80s-35.817-80-80-80-80 35.817-80 80 35.817 80 80 80z\"><\/path><\/svg><\/span><\/div>\n\n\n<div class=\"gb-container gb-container-4a1593e5\">\n\n<h3 class=\"gb-headline gb-headline-f300e849 gb-headline-text\"><strong>S\u00e9curit\u00e9 et respect des normes<\/strong><\/h3>\n\n\n\n<p><strong>Nous respectons les proc\u00e9dures de s\u00e9curit\u00e9 en vigueur. Nous sommes engag\u00e9s dans une d\u00e9marche de d\u00e9veloppement durable.Nous utilisons des techniques d&#8217;\u00e9lagage durables et des outils respectueux de l&#8217;environnement.<\/strong><\/p>\n\n<\/div>\n<\/div><\/div>\n<\/div>\n<\/div>\n<\/div>\n<\/section>\n\n<section class=\"gb-container gb-container-5f8c95fd\">\n<div class=\"gb-container gb-container-6bec2653\">\n<div class=\"gb-container gb-container-9af82321\">\n\n<p class=\"gb-headline gb-headline-3bc6c1a2 gb-headline-text\">10+<\/p>\n\n\n\n<p class=\"gb-headline gb-headline-4e9e9a73 gb-headline-text\">ans d&#8217; experience<\/p>\n\n<\/div>\n\n<div class=\"gb-container gb-container-3df45fd3\">\n\n<p class=\"gb-headline gb-headline-e180e10d gb-headline-text\">2K+<\/p>\n\n\n\n<p class=\"gb-headline gb-headline-f3c8ada6 gb-headline-text\">clients satisfait<\/p>\n\n<\/div>\n\n<div class=\"gb-container gb-container-5e0b6b29\">\n\n<p class=\"gb-headline gb-headline-69b8e88d gb-headline-text\">3K+<\/p>\n\n\n\n<p class=\"gb-headline gb-headline-909a7255 gb-headline-text\">Missions r\u00e9alis\u00e9es<\/p>\n\n<\/div>\n\n<div class=\"gb-container gb-container-f9e14877\">\n\n<p class=\"gb-headline gb-headline-b32e0556 gb-headline-text\">360\u00b0<\/p>\n\n\n\n<p class=\"gb-headline gb-headline-5b03f804 gb-headline-text\">Offre globale <\/p>\n\n<\/div>\n<\/div>\n<\/section>","protected":false},"excerpt":{"rendered":"<p>Le m\u00e9tier d&#8217;\u00e9lageur Expertise Arboricole au Service de Votre Espace Vert Nous sommes une \u00e9quipe passionn\u00e9e d&#8217;arboristes grimpeurs d\u00e9di\u00e9e \u00e0 la pr\u00e9servation et \u00e0 la beaut\u00e9 de vos espaces verts. Forts d&#8217;une exp\u00e9rience dans le domaine de l&#8217;arboriculture, nous sommes fiers de notre expertise et de notre engagement envers nos clients et l&#8217;environnement. Notre \u00e9quipe &#8230; <a title=\"Qui sommes nous ?\" class=\"read-more\" href=\"https:\/\/elagage-nord.fr\/?page_id=157\" aria-label=\"More on Qui sommes nous ?\">Read more<\/a><\/p>\n","protected":false},"author":2,"featured_media":0,"parent":0,"menu_order":0,"comment_status":"closed","ping_status":"closed","template":"","meta":{"om_disable_all_campaigns":false,"_monsterinsights_skip_tracking":false,"_monsterinsights_sitenote_active":false,"_monsterinsights_sitenote_note":"","_monsterinsights_sitenote_category":0,"footnotes":""},"aioseo_notices":[],"_links":{"self":[{"href":"https:\/\/elagage-nord.fr\/index.php?rest_route=\/wp\/v2\/pages\/157"}],"collection":[{"href":"https:\/\/elagage-nord.fr\/index.php?rest_route=\/wp\/v2\/pages"}],"about":[{"href":"https:\/\/elagage-nord.fr\/index.php?rest_route=\/wp\/v2\/types\/page"}],"author":[{"embeddable":true,"href":"https:\/\/elagage-nord.fr\/index.php?rest_route=\/wp\/v2\/users\/2"}],"replies":[{"embeddable":true,"href":"https:\/\/elagage-nord.fr\/index.php?rest_route=%2Fwp%2Fv2%2Fcomments&post=157"}],"version-history":[{"count":9,"href":"https:\/\/elagage-nord.fr\/index.php?rest_route=\/wp\/v2\/pages\/157\/revisions"}],"predecessor-version":[{"id":1399,"href":"https:\/\/elagage-nord.fr\/index.php?rest_route=\/wp\/v2\/pages\/157\/revisions\/1399"}],"wp:attachment":[{"href":"https:\/\/elagage-nord.fr\/index.php?rest_route=%2Fwp%2Fv2%2Fmedia&parent=157"}],"curies":[{"name":"wp","href":"https:\/\/api.w.org\/{rel}","templated":true}]}}